{"id":5043,"date":"2018-09-22T10:17:55","date_gmt":"2018-09-22T08:17:55","guid":{"rendered":"http:\/\/gesamtschule-waldbroel.de\/wp\/?page_id=5043"},"modified":"2024-12-27T13:50:21","modified_gmt":"2024-12-27T12:50:21","slug":"bo-woche-8-jahrgang","status":"publish","type":"page","link":"https:\/\/gesamtschule-waldbroel.de\/wp\/service-2\/bo-woche-8-jahrgang\/","title":{"rendered":"BO-Woche 8. Jahrgang"},"content":{"rendered":"<div class=\"flex-1 overflow-hidden @container\/thread\">\n<div class=\"h-full\">\n<div class=\"react-scroll-to-bottom--css-qhjza-79elbk h-full\">\n<div class=\"react-scroll-to-bottom--css-qhjza-1n7m0yu\">\n<div class=\"flex flex-col text-sm md:pb-9\">\n<article class=\"w-full scroll-mb-[var(--thread-trailing-height,150px)] text-token-text-primary focus-visible:outline-2 focus-visible:outline-offset-[-4px]\" dir=\"auto\" data-testid=\"conversation-turn-5\" data-scroll-anchor=\"true\">\n<div class=\"m-auto text-base py-[18px] px-3 md:px-4 w-full md:px-5 lg:px-4 xl:px-5\">\n<div class=\"mx-auto flex flex-1 gap-4 text-base md:gap-5 lg:gap-6 md:max-w-3xl lg:max-w-[40rem] xl:max-w-[48rem]\">\n<div class=\"group\/conversation-turn relative flex w-full min-w-0 flex-col agent-turn\">\n<div class=\"flex-col gap-1 md:gap-3\">\n<div class=\"flex max-w-full flex-col flex-grow\">\n<div class=\"min-h-8 text-message flex w-full flex-col items-end gap-2 whitespace-normal break-words text-start [.text-message+&amp;]:mt-5\" dir=\"auto\" data-message-author-role=\"assistant\" data-message-id=\"6e36f898-6553-49b0-9b9c-f5fe72ff4988\" data-message-model-slug=\"o1\">\n<div class=\"flex w-full flex-col gap-1 empty:hidden first:pt-[3px]\">\n<div class=\"markdown prose w-full break-words dark:prose-invert light\">\n<p>Alle zentralen Informationen zur Berufsorientierung \u2013 einschlie\u00dflich aller Dokumente zur BO-Woche im 8. Jahrgang \u2013 finden Sie in folgendem <strong>Padlet<\/strong> (Passwort: <strong>BOGSW<\/strong>). Dort sind \u00fcbersichtlich alle Hinweise, Formulare und Hilfestellungen geb\u00fcndelt, die f\u00fcr eine erfolgreiche Berufsfindung und -planung an unserer Schule relevant sind.<\/p>\n<\/div>\n<\/div>\n<\/div>\n<\/div>\n<\/div>\n<\/div>\n<\/div>\n<\/div>\n<\/article>\n<\/div>\n<\/div>\n<\/div>\n<\/div>\n<\/div>\n<p><a href=\"https:\/\/padlet.com\/yvonneroth80\/xf9hrds9k8ne0128\">https:\/\/padlet.com\/yvonneroth80\/xf9hrds9k8ne0128<\/a><\/p>\n<p>&nbsp;<\/p>\n","protected":false},"excerpt":{"rendered":"<p>Alle zentralen Informationen zur Berufsorientierung \u2013 einschlie\u00dflich aller Dokumente zur BO-Woche im 8. Jahrgang \u2013 finden Sie in folgendem Padlet (Passwort: BOGSW). Dort sind \u00fcbersichtlich alle Hinweise, Formulare und Hilfestellungen geb\u00fcndelt, die f\u00fcr eine erfolgreiche Berufsfindung und -planung an unserer Schule relevant sind. https:\/\/padlet.com\/yvonneroth80\/xf9hrds9k8ne0128 &nbsp;<\/p>\n","protected":false},"author":1,"featured_media":0,"parent":1003,"menu_order":8,"comment_status":"closed","ping_status":"closed","template":"","meta":{"xn-wppe-expiration":[],"xn-wppe-expiration-action":[],"xn-wppe-expiration-prefix":[],"footnotes":""},"class_list":["post-5043","page","type-page","status-publish","hentry"],"aioseo_notices":[],"_links":{"self":[{"href":"https:\/\/gesamtschule-waldbroel.de\/wp\/wp-json\/wp\/v2\/pages\/5043","targetHints":{"allow":["GET"]}}],"collection":[{"href":"https:\/\/gesamtschule-waldbroel.de\/wp\/wp-json\/wp\/v2\/pages"}],"about":[{"href":"https:\/\/gesamtschule-waldbroel.de\/wp\/wp-json\/wp\/v2\/types\/page"}],"author":[{"embeddable":true,"href":"https:\/\/gesamtschule-waldbroel.de\/wp\/wp-json\/wp\/v2\/users\/1"}],"replies":[{"embeddable":true,"href":"https:\/\/gesamtschule-waldbroel.de\/wp\/wp-json\/wp\/v2\/comments?post=5043"}],"version-history":[{"count":4,"href":"https:\/\/gesamtschule-waldbroel.de\/wp\/wp-json\/wp\/v2\/pages\/5043\/revisions"}],"predecessor-version":[{"id":15909,"href":"https:\/\/gesamtschule-waldbroel.de\/wp\/wp-json\/wp\/v2\/pages\/5043\/revisions\/15909"}],"up":[{"embeddable":true,"href":"https:\/\/gesamtschule-waldbroel.de\/wp\/wp-json\/wp\/v2\/pages\/1003"}],"wp:attachment":[{"href":"https:\/\/gesamtschule-waldbroel.de\/wp\/wp-json\/wp\/v2\/media?parent=5043"}],"curies":[{"name":"wp","href":"https:\/\/api.w.org\/{rel}","templated":true}]}}