{"id":9362,"date":"2020-05-06T14:19:47","date_gmt":"2020-05-06T12:19:47","guid":{"rendered":"https:\/\/gesamtschule-waldbroel.de\/wp\/?page_id=9362"},"modified":"2025-05-12T09:38:02","modified_gmt":"2025-05-12T07:38:02","slug":"mint-ag-und-profilbereich-9-10","status":"publish","type":"page","link":"https:\/\/gesamtschule-waldbroel.de\/wp\/unser-schulleben\/mint\/mint-ag-und-profilbereich-9-10\/","title":{"rendered":"MINT-AG und Profilbereich 9\/10"},"content":{"rendered":"<div class=\"fusion-fullwidth fullwidth-box fusion-builder-row-1 nonhundred-percent-fullwidth non-hundred-percent-height-scrolling\" style=\"--awb-border-radius-top-left:0px;--awb-border-radius-top-right:0px;--awb-border-radius-bottom-right:0px;--awb-border-radius-bottom-left:0px;--awb-flex-wrap:wrap;\" ><div class=\"fusion-builder-row fusion-row\"><div class=\"fusion-layout-column fusion_builder_column fusion-builder-column-0 fusion_builder_column_4_5 4_5 fusion-four-fifth fusion-column-first\" style=\"--awb-bg-size:cover;width:80%;width:calc(80% - ( ( 4% ) * 0.8 ) );margin-right: 4%;\"><div class=\"fusion-column-wrapper fusion-column-has-shadow fusion-flex-column-wrapper-legacy\"><div class=\"fusion-sep-clear\"><\/div><div class=\"fusion-separator fusion-full-width-sep\" style=\"margin-left: auto;margin-right: auto;width:100%;\"><div class=\"fusion-separator-border sep-double\" style=\"--awb-height:20px;--awb-amount:20px;border-color:#e0dede;border-top-width:1px;border-bottom-width:1px;\"><\/div><\/div><div class=\"fusion-sep-clear\"><\/div><div class=\"fusion-content-boxes content-boxes columns row fusion-columns-1 fusion-columns-total-1 fusion-content-boxes-1 content-boxes-icon-with-title content-left\" style=\"--awb-hover-accent-color:#bc1a1c;--awb-circle-hover-accent-color:#bc1a1c;--awb-item-margin-bottom:40px;\" data-animationOffset=\"top-into-view\"><div style=\"--awb-backgroundcolor:rgba(255,255,255,0);\" class=\"fusion-column content-box-column content-box-column content-box-column-1 col-lg-12 col-md-12 col-sm-12 fusion-content-box-hover content-box-column-last content-box-column-last-in-row\"><div class=\"col content-box-wrapper content-wrapper link-area-link-icon icon-hover-animation-fade\" data-animationOffset=\"top-into-view\"><div class=\"fusion-clearfix\"><\/div><div class=\"content-container\">\n<p>Freitags gibt es f\u00fcr Sch\u00fcler*innen der 7. &#8211; 10. Klassen die M\u00f6glichkeit, sich in einem AG- und Profilbereichszeitraum n\u00e4her mit Themen zu besch\u00e4ftigen, die sie besonders interessieren. In diesem Rahmen gibt es auch einige MINT-Angebote, die wir Ihnen auf den n\u00e4chsten Seiten vorstellen m\u00f6chten. Im Men\u00fc k\u00f6nnen Sie mehr Informationen zu den einzelnen MINT-Bausteinen im Profilbereich erlangen. Eine \u00dcbersicht \u00fcber alle Angebote finden Sie auch im untenstehenden PDF:<\/p>\n<p><a class=\"link-to-pdf\" title=\"MINT Freitagsangebote ImNetz\" href=\"https:\/\/gesamtschule-waldbroel.de\/wp\/wp-content\/uploads\/2020\/05\/MINT-Freitagsangebote_imNetz.pdf\" target=\"_blank\" rel=\"attachment noopener wp-att-9782 noreferrer\"><\/a><\/p>\n<\/div><\/div><\/div><div class=\"fusion-clearfix\"><\/div><\/div><div class=\"fusion-clearfix\"><\/div><\/div><\/div><div class=\"fusion-layout-column fusion_builder_column fusion-builder-column-1 fusion_builder_column_1_5 1_5 fusion-one-fifth fusion-column-last\" style=\"--awb-bg-size:cover;width:20%;width:calc(20% - ( ( 4% ) * 0.2 ) );\"><div class=\"fusion-column-wrapper fusion-column-has-shadow fusion-flex-column-wrapper-legacy\"><div class=\"fusion-widget fusion-widget-element fusion-widget-area fusion-content-widget-area wpWidget-1 fusion_widget_vertical_menu no-divider-color\" style=\"--awb-fusion-border-size:0px;--awb-fusion-border-style:solid;\"><div class=\"widget avada_vertical_menu\"><div class=\"heading\"><h4 class=\"widget-title\">MINT<\/h4><\/div><style>#fusion-vertical-menu-widget-avada-vertical-menu-widget-1-nav ul.menu li a {font-size:14px;}<\/style><nav id=\"fusion-vertical-menu-widget-avada-vertical-menu-widget-1-nav\" class=\"fusion-vertical-menu-widget fusion-menu hover left no-border\" aria-label=\"Secondary Navigation: MINT\"><ul id=\"menu-mint\" class=\"menu\"><li id=\"menu-item-9427\" class=\"menu-item menu-item-type-post_type menu-item-object-page menu-item-9427\"><a href=\"https:\/\/gesamtschule-waldbroel.de\/wp\/unser-schulleben\/mint\/aktuelles\/\"><span class=\"link-text\"> MINT-Aktuelles<\/span><span class=\"arrow\"><\/span><\/a><\/li><li id=\"menu-item-9428\" class=\"menu-item menu-item-type-post_type menu-item-object-page menu-item-9428\"><a href=\"https:\/\/gesamtschule-waldbroel.de\/wp\/unser-schulleben\/mint\/mint-unterrichtsangebot\/\"><span class=\"link-text\"> MINT-Unterrichtsangebot<\/span><span class=\"arrow\"><\/span><\/a><\/li><li id=\"menu-item-9619\" class=\"menu-item menu-item-type-post_type menu-item-object-page menu-item-has-children menu-item-9619\"><a href=\"https:\/\/gesamtschule-waldbroel.de\/wp\/unser-schulleben\/mint\/spezialisierung-durch-mint-module\/\"><span class=\"link-text\"> Spezialisierung durch MINT-Module<\/span><span class=\"arrow\"><\/span><\/a><ul class=\"sub-menu\"><li id=\"menu-item-9758\" class=\"menu-item menu-item-type-post_type menu-item-object-page menu-item-9758\"><a href=\"https:\/\/gesamtschule-waldbroel.de\/wp\/die-gesamtschule-waldbroel\/schule-mit-profil\/forscherklasse\/\"><span class=\"link-text\"> MINT-Forscherklasse<\/span><span class=\"arrow\"><\/span><\/a><\/li><li id=\"menu-item-9429\" class=\"menu-item menu-item-type-post_type menu-item-object-page menu-item-has-children menu-item-9429\"><a href=\"https:\/\/gesamtschule-waldbroel.de\/wp\/unser-schulleben\/mint\/spezialisierung-durch-mint-module\/wahlpflichtunterricht\/\"><span class=\"link-text\"> Wahlpflichtunterricht WP<\/span><span class=\"arrow\"><\/span><\/a><ul class=\"sub-menu\"><li id=\"menu-item-9437\" class=\"menu-item menu-item-type-post_type menu-item-object-page menu-item-9437\"><a href=\"https:\/\/gesamtschule-waldbroel.de\/wp\/unser-schulleben\/mint\/spezialisierung-durch-mint-module\/wahlpflichtunterricht\/naturwissenschaften\/\"><span class=\"link-text\"> Naturwissenschaften<\/span><span class=\"arrow\"><\/span><\/a><\/li><li id=\"menu-item-9436\" class=\"menu-item menu-item-type-post_type menu-item-object-page menu-item-9436\"><a href=\"https:\/\/gesamtschule-waldbroel.de\/wp\/unser-schulleben\/mint\/spezialisierung-durch-mint-module\/wahlpflichtunterricht\/arbeitslehre-technik\/\"><span class=\"link-text\"> Arbeitslehre\/Technik<\/span><span class=\"arrow\"><\/span><\/a><\/li><\/ul><\/li><li id=\"menu-item-9426\" class=\"menu-item menu-item-type-post_type menu-item-object-page menu-item-9426\"><a href=\"https:\/\/gesamtschule-waldbroel.de\/wp\/unser-schulleben\/mint\/spezialisierung-durch-mint-module\/fordermint\/\"><span class=\"link-text\"> ForderMINT<\/span><span class=\"arrow\"><\/span><\/a><\/li><li id=\"menu-item-9431\" class=\"menu-item menu-item-type-post_type menu-item-object-page menu-item-9431\"><a href=\"https:\/\/gesamtschule-waldbroel.de\/wp\/unser-schulleben\/mint\/spezialisierung-durch-mint-module\/foerdermathe\/\"><span class=\"link-text\"> F\u00f6rderMathe<\/span><span class=\"arrow\"><\/span><\/a><\/li><li id=\"menu-item-9616\" class=\"menu-item menu-item-type-post_type menu-item-object-page menu-item-9616\"><a href=\"https:\/\/gesamtschule-waldbroel.de\/wp\/unser-schulleben\/mint\/spezialisierung-durch-mint-module\/schuelerfirma-nature\/\"><span class=\"link-text\"> Sch\u00fclerfirma Nature<\/span><span class=\"arrow\"><\/span><\/a><\/li><li id=\"menu-item-9615\" class=\"menu-item menu-item-type-post_type menu-item-object-page menu-item-9615\"><a href=\"https:\/\/gesamtschule-waldbroel.de\/wp\/unser-schulleben\/mint\/spezialisierung-durch-mint-module\/projektkurs-robotik-raspberry-pi-programmierung\/\"><span class=\"link-text\"> Projektkurs Robotertechnik \/ Raspberry Pi<\/span><span class=\"arrow\"><\/span><\/a><\/li><\/ul><\/li><li id=\"menu-item-9425\" class=\"menu-item menu-item-type-post_type menu-item-object-page menu-item-has-children menu-item-9425\"><a href=\"https:\/\/gesamtschule-waldbroel.de\/wp\/unser-schulleben\/mint\/mint-ag-und-profilbereich-9-10\/\"><span class=\"link-text\"> MINT-AG und Profilbereich 9\/10<\/span><span class=\"arrow\"><\/span><\/a><ul class=\"sub-menu\"><li id=\"menu-item-9416\" class=\"menu-item menu-item-type-post_type menu-item-object-page menu-item-9416\"><a href=\"https:\/\/gesamtschule-waldbroel.de\/wp\/unser-schulleben\/mint\/mint-ag-und-profilbereich-9-10\/social-media-scouts\/\"><span class=\"link-text\"> Social Media Scouts<\/span><span class=\"arrow\"><\/span><\/a><\/li><li id=\"menu-item-9433\" class=\"menu-item menu-item-type-post_type menu-item-object-page menu-item-9433\"><a href=\"https:\/\/gesamtschule-waldbroel.de\/wp\/unser-schulleben\/mint\/mint-ag-und-profilbereich-9-10\/lernen-3-0\/\"><span class=\"link-text\"> Lernen 3.0? Digitalisierung und schulisches Lernen<\/span><span class=\"arrow\"><\/span><\/a><\/li><li id=\"menu-item-9432\" class=\"menu-item menu-item-type-post_type menu-item-object-page menu-item-9432\"><a href=\"https:\/\/gesamtschule-waldbroel.de\/wp\/unser-schulleben\/mint\/mint-ag-und-profilbereich-9-10\/arduino\/\"><span class=\"link-text\"> Mit Computern die Welt steuern \u2013 mach mit!<\/span><span class=\"arrow\"><\/span><\/a><\/li><li id=\"menu-item-9417\" class=\"menu-item menu-item-type-post_type menu-item-object-page menu-item-9417\"><a href=\"https:\/\/gesamtschule-waldbroel.de\/wp\/unser-schulleben\/mint\/mint-ag-und-profilbereich-9-10\/roberta\/\"><span class=\"link-text\"> Roberta<\/span><span class=\"arrow\"><\/span><\/a><\/li><li id=\"menu-item-9712\" class=\"menu-item menu-item-type-post_type menu-item-object-page menu-item-9712\"><a href=\"https:\/\/gesamtschule-waldbroel.de\/wp\/unser-schulleben\/mint\/mint-ag-und-profilbereich-9-10\/mint-naturwissenschaften-chemie\/\"><span class=\"link-text\"> MINT \u2013 Naturwissenschaften Chemie<\/span><span class=\"arrow\"><\/span><\/a><\/li><li id=\"menu-item-9434\" class=\"menu-item menu-item-type-post_type menu-item-object-page menu-item-9434\"><a href=\"https:\/\/gesamtschule-waldbroel.de\/wp\/unser-schulleben\/mint\/mint-ag-und-profilbereich-9-10\/astronomie\/\"><span class=\"link-text\"> Astronomie und Raumfahrt<\/span><span class=\"arrow\"><\/span><\/a><\/li><li id=\"menu-item-9714\" class=\"menu-item menu-item-type-post_type menu-item-object-page menu-item-9714\"><a href=\"https:\/\/gesamtschule-waldbroel.de\/wp\/unser-schulleben\/mint\/mint-ag-und-profilbereich-9-10\/schulradio\/\"><span class=\"link-text\"> Schulradio<\/span><span class=\"arrow\"><\/span><\/a><\/li><li id=\"menu-item-9435\" class=\"menu-item menu-item-type-post_type menu-item-object-page menu-item-9435\"><a href=\"https:\/\/gesamtschule-waldbroel.de\/wp\/unser-schulleben\/mint\/mint-ag-und-profilbereich-9-10\/gartenbau-blumenmeer\/\"><span class=\"link-text\"> Gartenbau und Blumenmeer<\/span><span class=\"arrow\"><\/span><\/a><\/li><li id=\"menu-item-9713\" class=\"menu-item menu-item-type-post_type menu-item-object-page menu-item-9713\"><a href=\"https:\/\/gesamtschule-waldbroel.de\/wp\/unser-schulleben\/mint\/mint-ag-und-profilbereich-9-10\/blind-tippen-lernen-das-10-finger-system\/\"><span class=\"link-text\"> Blind tippen lernen \u2013 das 10-Finger-System<\/span><span class=\"arrow\"><\/span><\/a><\/li><\/ul><\/li><li id=\"menu-item-9618\" class=\"menu-item menu-item-type-post_type menu-item-object-page menu-item-9618\"><a href=\"https:\/\/gesamtschule-waldbroel.de\/wp\/unser-schulleben\/mint\/mint-spezialisierung-in-der-mittagsfreizeit\/\"><span class=\"link-text\"> MINT-Spezialisierung in der Mittagsfreizeit<\/span><span class=\"arrow\"><\/span><\/a><\/li><li id=\"menu-item-9424\" class=\"menu-item menu-item-type-post_type menu-item-object-page menu-item-has-children menu-item-9424\"><a href=\"https:\/\/gesamtschule-waldbroel.de\/wp\/unser-schulleben\/mint\/mint-lernorte\/\"><span class=\"link-text\"> MINT-Lernorte<\/span><span class=\"arrow\"><\/span><\/a><ul class=\"sub-menu\"><li id=\"menu-item-9415\" class=\"menu-item menu-item-type-post_type menu-item-object-page menu-item-9415\"><a href=\"https:\/\/gesamtschule-waldbroel.de\/wp\/unser-schulleben\/mint\/mint-lernorte\/sternwarte-schnoerringen\/\"><span class=\"link-text\"> Sternwarte Waldbr\u00f6l-Schn\u00f6rringen<\/span><span class=\"arrow\"><\/span><\/a><\/li><li id=\"menu-item-9414\" class=\"menu-item menu-item-type-post_type menu-item-object-page menu-item-9414\"><a href=\"https:\/\/gesamtschule-waldbroel.de\/wp\/unser-schulleben\/mint\/mint-lernorte\/metabolon\/\"><span class=\"link-text\"> :metabolon<\/span><span class=\"arrow\"><\/span><\/a><\/li><li id=\"menu-item-9413\" class=\"menu-item menu-item-type-post_type menu-item-object-page menu-item-has-children menu-item-9413\"><a href=\"https:\/\/gesamtschule-waldbroel.de\/wp\/unser-schulleben\/mint\/mint-lernorte\/biologische-station\/\"><span class=\"link-text\"> Landschaftshaus in der Biologischen Station Oberberg<\/span><span class=\"arrow\"><\/span><\/a><ul class=\"sub-menu\"><li id=\"menu-item-9614\" class=\"menu-item menu-item-type-post_type menu-item-object-page menu-item-9614\"><a href=\"https:\/\/gesamtschule-waldbroel.de\/wp\/unser-schulleben\/mint\/mint-lernorte\/biologische-station\/nw-6-gundermann-giersch-co\/\"><span class=\"link-text\"> NW 6 \u2013 Gundermann, Giersch &#038; Co.<\/span><span class=\"arrow\"><\/span><\/a><\/li><li id=\"menu-item-9613\" class=\"menu-item menu-item-type-post_type menu-item-object-page menu-item-9613\"><a href=\"https:\/\/gesamtschule-waldbroel.de\/wp\/unser-schulleben\/mint\/mint-lernorte\/biologische-station\/teilnahme-der-schule-am-landschaftstag\/\"><span class=\"link-text\"> Teilnahme der Schule am Landschaftstag<\/span><span class=\"arrow\"><\/span><\/a><\/li><li id=\"menu-item-9612\" class=\"menu-item menu-item-type-post_type menu-item-object-page menu-item-9612\"><a href=\"https:\/\/gesamtschule-waldbroel.de\/wp\/unser-schulleben\/mint\/mint-lernorte\/tatort-wiese\/\"><span class=\"link-text\"> Tatort Wiese<\/span><span class=\"arrow\"><\/span><\/a><\/li><\/ul><\/li><li id=\"menu-item-9611\" class=\"menu-item menu-item-type-post_type menu-item-object-page menu-item-9611\"><a href=\"https:\/\/gesamtschule-waldbroel.de\/wp\/unser-schulleben\/mint\/mint-lernorte\/besucherbergwerk-grube-silberhardt\/\"><span class=\"link-text\"> Besucherbergwerk Grube Silberhardt<\/span><span class=\"arrow\"><\/span><\/a><\/li><li id=\"menu-item-9610\" class=\"menu-item menu-item-type-post_type menu-item-object-page menu-item-9610\"><a href=\"https:\/\/gesamtschule-waldbroel.de\/wp\/unser-schulleben\/mint\/mint-lernorte\/bauernhof-demmer\/\"><span class=\"link-text\"> Bauernhof Demmer<\/span><span class=\"arrow\"><\/span><\/a><\/li><li id=\"menu-item-9609\" class=\"menu-item menu-item-type-post_type menu-item-object-page menu-item-9609\"><a href=\"https:\/\/gesamtschule-waldbroel.de\/wp\/unser-schulleben\/mint\/mint-lernorte\/industriemuseum-engelskirchen\/\"><span class=\"link-text\"> Industriemuseum Engelskirchen<\/span><span class=\"arrow\"><\/span><\/a><\/li><li id=\"menu-item-9412\" class=\"menu-item menu-item-type-post_type menu-item-object-page menu-item-9412\"><a href=\"https:\/\/gesamtschule-waldbroel.de\/wp\/unser-schulleben\/mint\/mint-lernorte\/schuelerlabor-dieringhausen\/\"><span class=\"link-text\"> Sch\u00fclerlabor Dieringhausen<\/span><span class=\"arrow\"><\/span><\/a><\/li><\/ul><\/li><li id=\"menu-item-9422\" class=\"menu-item menu-item-type-post_type menu-item-object-page menu-item-has-children menu-item-9422\"><a href=\"https:\/\/gesamtschule-waldbroel.de\/wp\/unser-schulleben\/mint\/mint-projekte\/\"><span class=\"link-text\"> MINT-Projekte<\/span><span class=\"arrow\"><\/span><\/a><ul class=\"sub-menu\"><li id=\"menu-item-9411\" class=\"menu-item menu-item-type-post_type menu-item-object-page menu-item-9411\"><a href=\"https:\/\/gesamtschule-waldbroel.de\/wp\/unser-schulleben\/mint\/mint-projekte\/bienenprojekt\/\"><span class=\"link-text\"> Bienenprojekt<\/span><span class=\"arrow\"><\/span><\/a><\/li><li id=\"menu-item-9786\" class=\"menu-item menu-item-type-post_type menu-item-object-page menu-item-9786\"><a href=\"https:\/\/gesamtschule-waldbroel.de\/wp\/unser-schulleben\/mint\/mint-ag-und-profilbereich-9-10\/lernen-3-0\/\"><span class=\"link-text\"> Lernen 3.0? Digitalisierung und schulisches Lernen<\/span><span class=\"arrow\"><\/span><\/a><\/li><li id=\"menu-item-9410\" class=\"menu-item menu-item-type-post_type menu-item-object-page menu-item-9410\"><a href=\"https:\/\/gesamtschule-waldbroel.de\/wp\/unser-schulleben\/mint\/mint-projekte\/faecheruebergreifender-projekttag-tier-und-umweltschutz-im-5-jahrgang\/\"><span class=\"link-text\"> F\u00e4cher\u00fcbergreifender Projekttag &#8222;Tier- und Umweltschutz&#8220; im 5. Jahrgang<\/span><span class=\"arrow\"><\/span><\/a><\/li><li id=\"menu-item-9607\" class=\"menu-item menu-item-type-post_type menu-item-object-page menu-item-9607\"><a href=\"https:\/\/gesamtschule-waldbroel.de\/wp\/unser-schulleben\/mint\/mint-projekte\/social-media-scouts-medienbegleiter\/\"><span class=\"link-text\"> Social-Media-Scouts (Medienbegleiter)<\/span><span class=\"arrow\"><\/span><\/a><\/li><li id=\"menu-item-9606\" class=\"menu-item menu-item-type-post_type menu-item-object-page menu-item-9606\"><a href=\"https:\/\/gesamtschule-waldbroel.de\/wp\/unser-schulleben\/mint\/mint-projekte\/gruene-sv\/\"><span class=\"link-text\"> Gr\u00fcne SV<\/span><span class=\"arrow\"><\/span><\/a><\/li><\/ul><\/li><li id=\"menu-item-9421\" class=\"menu-item menu-item-type-post_type menu-item-object-page menu-item-has-children menu-item-9421\"><a href=\"https:\/\/gesamtschule-waldbroel.de\/wp\/unser-schulleben\/mint\/mint-berufswahl-studienwahl\/\"><span class=\"link-text\"> MINT Berufs- und Studienwahl<\/span><span class=\"arrow\"><\/span><\/a><ul class=\"sub-menu\"><li id=\"menu-item-9409\" class=\"menu-item menu-item-type-post_type menu-item-object-page menu-item-9409\"><a href=\"https:\/\/gesamtschule-waldbroel.de\/wp\/unser-schulleben\/mint\/mint-berufswahl-studienwahl\/navi-durch-die-berufswelt\/\"><span class=\"link-text\"> Navi durch die Berufswelt<\/span><span class=\"arrow\"><\/span><\/a><\/li><li id=\"menu-item-9408\" class=\"menu-item menu-item-type-post_type menu-item-object-page menu-item-9408\"><a href=\"https:\/\/gesamtschule-waldbroel.de\/wp\/unser-schulleben\/mint\/mint-berufswahl-studienwahl\/girls-and-boys-day\/\"><span class=\"link-text\"> Girls&#8216; and Boys&#8216; Day<\/span><span class=\"arrow\"><\/span><\/a><\/li><li id=\"menu-item-9407\" class=\"menu-item menu-item-type-post_type menu-item-object-page menu-item-9407\"><a href=\"https:\/\/gesamtschule-waldbroel.de\/wp\/unser-schulleben\/mint\/mint-berufswahl-studienwahl\/m-und-e-truck\/\"><span class=\"link-text\"> M- und E-Truck<\/span><span class=\"arrow\"><\/span><\/a><\/li><li id=\"menu-item-9406\" class=\"menu-item menu-item-type-post_type menu-item-object-page menu-item-9406\"><a href=\"https:\/\/gesamtschule-waldbroel.de\/wp\/unser-schulleben\/mint\/mint-berufswahl-studienwahl\/schuelermesse-it-technik\/\"><span class=\"link-text\"> Sch\u00fclermesse IT &#038; Technik<\/span><span class=\"arrow\"><\/span><\/a><\/li><\/ul><\/li><li id=\"menu-item-9420\" class=\"menu-item menu-item-type-post_type menu-item-object-page menu-item-has-children menu-item-9420\"><a href=\"https:\/\/gesamtschule-waldbroel.de\/wp\/unser-schulleben\/mint\/mint-kooperationen\/\"><span class=\"link-text\"> MINT-Kooperationen<\/span><span class=\"arrow\"><\/span><\/a><ul class=\"sub-menu\"><li id=\"menu-item-9744\" class=\"menu-item menu-item-type-post_type menu-item-object-page menu-item-9744\"><a href=\"https:\/\/gesamtschule-waldbroel.de\/wp\/unser-schulleben\/mint\/mint-kooperationen\/kampf\/\"><span class=\"link-text\"> KAMPF<\/span><span class=\"arrow\"><\/span><\/a><\/li><li id=\"menu-item-9742\" class=\"menu-item menu-item-type-post_type menu-item-object-page menu-item-9742\"><a href=\"https:\/\/gesamtschule-waldbroel.de\/wp\/unser-schulleben\/mint\/mint-kooperationen\/berg\/\"><span class=\"link-text\"> BERG<\/span><span class=\"arrow\"><\/span><\/a><\/li><li id=\"menu-item-9743\" class=\"menu-item menu-item-type-post_type menu-item-object-page menu-item-9743\"><a href=\"https:\/\/gesamtschule-waldbroel.de\/wp\/unser-schulleben\/mint\/mint-kooperationen\/stiebel\/\"><span class=\"link-text\"> STIEBEL<\/span><span class=\"arrow\"><\/span><\/a><\/li><li id=\"menu-item-9741\" class=\"menu-item menu-item-type-post_type menu-item-object-page menu-item-9741\"><a href=\"https:\/\/gesamtschule-waldbroel.de\/wp\/unser-schulleben\/mint\/mint-kooperationen\/bergischer-abfallverband-metabolon\/\"><span class=\"link-text\"> Bergischer Abfallverband (metabolon)<\/span><span class=\"arrow\"><\/span><\/a><\/li><li id=\"menu-item-9740\" class=\"menu-item menu-item-type-post_type menu-item-object-page menu-item-9740\"><a href=\"https:\/\/gesamtschule-waldbroel.de\/wp\/unser-schulleben\/mint\/mint-kooperationen\/ksk\/\"><span class=\"link-text\"> KSK<\/span><span class=\"arrow\"><\/span><\/a><\/li><\/ul><\/li><li id=\"menu-item-9419\" class=\"menu-item menu-item-type-post_type menu-item-object-page menu-item-has-children menu-item-9419\"><a href=\"https:\/\/gesamtschule-waldbroel.de\/wp\/unser-schulleben\/mint\/mint-veranstaltungen\/\"><span class=\"link-text\"> MINT-Veranstaltungen<\/span><span class=\"arrow\"><\/span><\/a><ul class=\"sub-menu\"><li id=\"menu-item-9404\" class=\"menu-item menu-item-type-post_type menu-item-object-page menu-item-9404\"><a href=\"https:\/\/gesamtschule-waldbroel.de\/wp\/unser-schulleben\/mint\/mint-veranstaltungen\/forscherferien-minteraktiv\/\"><span class=\"link-text\"> Forscherferien MINTeraktiv<\/span><span class=\"arrow\"><\/span><\/a><\/li><li id=\"menu-item-9403\" class=\"menu-item menu-item-type-post_type menu-item-object-page menu-item-9403\"><a href=\"https:\/\/gesamtschule-waldbroel.de\/wp\/unser-schulleben\/mint\/mint-veranstaltungen\/tdot-talentparcour\/\"><span class=\"link-text\"> TdoT-Talentparcour<\/span><span class=\"arrow\"><\/span><\/a><\/li><li id=\"menu-item-9604\" class=\"menu-item menu-item-type-post_type menu-item-object-page menu-item-9604\"><a href=\"https:\/\/gesamtschule-waldbroel.de\/wp\/unser-schulleben\/mint\/mint-veranstaltungen\/praeventionsworkshop-der-social-media-scouts-in-den-klassen-5-6\/\"><span class=\"link-text\"> Pr\u00e4ventionsworkshop der Social-Media-Scouts in den Klassen 5\/6<\/span><span class=\"arrow\"><\/span><\/a><\/li><li id=\"menu-item-9605\" class=\"menu-item menu-item-type-post_type menu-item-object-page menu-item-9605\"><a href=\"https:\/\/gesamtschule-waldbroel.de\/wp\/unser-schulleben\/mint\/mint-veranstaltungen\/mini-phaenomene-tage-in-klasse-5\/\"><span class=\"link-text\"> MINI-Ph\u00e4nomene-Tage in Klasse 5<\/span><span class=\"arrow\"><\/span><\/a><\/li><\/ul><\/li><li id=\"menu-item-9418\" class=\"menu-item menu-item-type-post_type menu-item-object-page menu-item-9418\"><a href=\"https:\/\/gesamtschule-waldbroel.de\/wp\/unser-schulleben\/mint\/mint-archiv\/\"><span class=\"link-text\"> MINT-Archiv<\/span><span class=\"arrow\"><\/span><\/a><\/li><\/ul><\/nav><\/div><\/div><div class=\"fusion-clearfix\"><\/div><\/div><\/div><\/div><\/div>\n","protected":false},"excerpt":{"rendered":"","protected":false},"author":1,"featured_media":0,"parent":9357,"menu_order":11,"comment_status":"closed","ping_status":"closed","template":"100-width.php","meta":{"xn-wppe-expiration":[],"xn-wppe-expiration-action":[],"xn-wppe-expiration-prefix":[],"footnotes":""},"class_list":["post-9362","page","type-page","status-publish","hentry"],"aioseo_notices":[],"_links":{"self":[{"href":"https:\/\/gesamtschule-waldbroel.de\/wp\/wp-json\/wp\/v2\/pages\/9362","targetHints":{"allow":["GET"]}}],"collection":[{"href":"https:\/\/gesamtschule-waldbroel.de\/wp\/wp-json\/wp\/v2\/pages"}],"about":[{"href":"https:\/\/gesamtschule-waldbroel.de\/wp\/wp-json\/wp\/v2\/types\/page"}],"author":[{"embeddable":true,"href":"https:\/\/gesamtschule-waldbroel.de\/wp\/wp-json\/wp\/v2\/users\/1"}],"replies":[{"embeddable":true,"href":"https:\/\/gesamtschule-waldbroel.de\/wp\/wp-json\/wp\/v2\/comments?post=9362"}],"version-history":[{"count":4,"href":"https:\/\/gesamtschule-waldbroel.de\/wp\/wp-json\/wp\/v2\/pages\/9362\/revisions"}],"predecessor-version":[{"id":16364,"href":"https:\/\/gesamtschule-waldbroel.de\/wp\/wp-json\/wp\/v2\/pages\/9362\/revisions\/16364"}],"up":[{"embeddable":true,"href":"https:\/\/gesamtschule-waldbroel.de\/wp\/wp-json\/wp\/v2\/pages\/9357"}],"wp:attachment":[{"href":"https:\/\/gesamtschule-waldbroel.de\/wp\/wp-json\/wp\/v2\/media?parent=9362"}],"curies":[{"name":"wp","href":"https:\/\/api.w.org\/{rel}","templated":true}]}}